{"id":1673,"date":"2022-02-24T10:45:30","date_gmt":"2022-02-24T09:45:30","guid":{"rendered":"https:\/\/www.aqcbv.com\/lab-kwaliteit\/"},"modified":"2025-02-18T11:14:55","modified_gmt":"2025-02-18T10:14:55","slug":"labor-qualitat","status":"publish","type":"page","link":"https:\/\/www.aqcbv.com\/de\/labor-qualitat\/","title":{"rendered":"Labor &#038; Qualit\u00e4t"},"content":{"rendered":"<h2 data-start=\"0\" data-end=\"24\"><strong data-start=\"0\" data-end=\"24\">Die Qualit\u00e4t von AQC<\/strong><\/h2>\n<p data-start=\"26\" data-end=\"703\">Wir sch\u00e4tzen unsere Unabh\u00e4ngigkeit, besonders bei der Qualit\u00e4tskontrolle. Unser eigenes Labor ist so eingerichtet, dass die Qualit\u00e4t der gelieferten Produkte doppelt \u00fcberpr\u00fcft wird. Haben wir genau das erhalten, was Sie angefordert haben, unbesch\u00e4digt und einsatzbereit? Kein Produkt verl\u00e4sst den AQC-Hauptsitz ohne eine Inspektion gem\u00e4\u00df der AQL-Methode. Mit unserer Beuhler-Maschine fertigen wir Mikroschnitte an, um die metallurgische und mechanische Qualit\u00e4t der Leiterplatten zu testen. Ein Mikroschnitt zeigt perfekt, ob alle Bohrl\u00f6cher genau ausgerichtet sind und ob das Produkt den IPC-Normen entspricht. Dies ist ein besonderer Service, den unsere Kunden sehr sch\u00e4tzen.<\/p>\n<p data-start=\"705\" data-end=\"971\">Unsere bevorzugten Fabriken nutzen diesen Service auch f\u00fcr Tests w\u00e4hrend ihres F&amp;E-Prozesses. Bevor wir ein neues Prototyp starten, m\u00f6chten wir alle 100 % sicher sein, dass die Leistung fehlerfrei und konsistent ist. Ein pr\u00e4ziser Test kann den Unterschied ausmachen.<\/p>\n<p data-start=\"973\" data-end=\"1256\" data-is-last-node=\"\">Selbstverst\u00e4ndlich werden unsere Fabriken t\u00e4glich durch unser Managementsystem \u00fcberwacht. Kommunikation ist entscheidend bei der Festlegung von KPIs und Zielen, die regelm\u00e4\u00dfig besprochen werden. Dar\u00fcber hinaus wird regelm\u00e4\u00dfig ein Audit durchgef\u00fchrt, um die Qualit\u00e4t zu gew\u00e4hrleisten.<\/p>\n<h2><img loading=\"lazy\" decoding=\"async\" class=\"alignnone wp-image-1369\" src=\"https:\/\/www.aqcbv.com\/wp-content\/uploads\/2023\/10\/JewelBox100T-X-ray-AQC001.png\" alt=\"\" width=\"412\" height=\"309\" srcset=\"https:\/\/www.aqcbv.com\/wp-content\/uploads\/2023\/10\/JewelBox100T-X-ray-AQC001.png 1920w, https:\/\/www.aqcbv.com\/wp-content\/uploads\/2023\/10\/JewelBox100T-X-ray-AQC001-300x225.png 300w, https:\/\/www.aqcbv.com\/wp-content\/uploads\/2023\/10\/JewelBox100T-X-ray-AQC001-1024x768.png 1024w, https:\/\/www.aqcbv.com\/wp-content\/uploads\/2023\/10\/JewelBox100T-X-ray-AQC001-768x576.png 768w, https:\/\/www.aqcbv.com\/wp-content\/uploads\/2023\/10\/JewelBox100T-X-ray-AQC001-1536x1152.png 1536w\" sizes=\"auto, (max-width: 412px) 100vw, 412px\" \/> <img loading=\"lazy\" decoding=\"async\" class=\"alignnone wp-image-1308\" style=\"font-size: 16px;\" src=\"https:\/\/www.aqcbv.com\/wp-content\/uploads\/2023\/09\/10064_0185_2239_8-0003-1.jpg\" alt=\"\" width=\"413\" height=\"310\" srcset=\"https:\/\/www.aqcbv.com\/wp-content\/uploads\/2023\/09\/10064_0185_2239_8-0003-1.jpg 1024w, https:\/\/www.aqcbv.com\/wp-content\/uploads\/2023\/09\/10064_0185_2239_8-0003-1-300x225.jpg 300w, https:\/\/www.aqcbv.com\/wp-content\/uploads\/2023\/09\/10064_0185_2239_8-0003-1-768x576.jpg 768w\" sizes=\"auto, (max-width: 413px) 100vw, 413px\" \/><\/h2>\n<h2><img loading=\"lazy\" decoding=\"async\" class=\"wp-image-1282 \" style=\"font-size: 16px;\" src=\"https:\/\/www.aqcbv.com\/wp-content\/uploads\/2023\/09\/AQC-0005-e1699610857690.jpg\" alt=\"\" width=\"425\" height=\"294\" srcset=\"https:\/\/www.aqcbv.com\/wp-content\/uploads\/2023\/09\/AQC-0005-e1699610857690.jpg 820w, https:\/\/www.aqcbv.com\/wp-content\/uploads\/2023\/09\/AQC-0005-e1699610857690-300x208.jpg 300w, https:\/\/www.aqcbv.com\/wp-content\/uploads\/2023\/09\/AQC-0005-e1699610857690-768x532.jpg 768w\" sizes=\"auto, (max-width: 425px) 100vw, 425px\" \/> <img loading=\"lazy\" decoding=\"async\" class=\"alignnone wp-image-1385\" style=\"font-size: 16px;\" src=\"https:\/\/www.aqcbv.com\/wp-content\/uploads\/2023\/11\/MicrosectionStackup-.jpg\" alt=\"\" width=\"400\" height=\"300\" srcset=\"https:\/\/www.aqcbv.com\/wp-content\/uploads\/2023\/11\/MicrosectionStackup-.jpg 1024w, https:\/\/www.aqcbv.com\/wp-content\/uploads\/2023\/11\/MicrosectionStackup--300x225.jpg 300w, https:\/\/www.aqcbv.com\/wp-content\/uploads\/2023\/11\/MicrosectionStackup--768x576.jpg 768w\" sizes=\"auto, (max-width: 400px) 100vw, 400px\" \/><\/h2>\n<p>&nbsp;<\/p>\n","protected":false},"excerpt":{"rendered":"<p>Die Qualit\u00e4t von AQC Wir sch\u00e4tzen unsere Unabh\u00e4ngigkeit, besonders bei der Qualit\u00e4tskontrolle. Unser eigenes Labor ist so eingerichtet, dass die Qualit\u00e4t der gelieferten Produkte doppelt \u00fcberpr\u00fcft wird. Haben wir genau das erhalten, was Sie angefordert haben, unbesch\u00e4digt und einsatzbereit? Kein Produkt verl\u00e4sst den AQC-Hauptsitz ohne eine Inspektion gem\u00e4\u00df der AQL-Methode. Mit unserer Beuhler-Maschine fertigen wir [&hellip;]<\/p>\n","protected":false},"author":5,"featured_media":0,"parent":0,"menu_order":0,"comment_status":"closed","ping_status":"closed","template":"page-lab.php","meta":{"_acf_changed":false,"inline_featured_image":false,"footnotes":""},"class_list":["post-1673","page","type-page","status-publish","hentry"],"acf":[],"yoast_head":"<!-- This site is optimized with the Yoast SEO plugin v27.4 - https:\/\/yoast.com\/product\/yoast-seo-wordpress\/ -->\n<title>Lab &amp; kwaliteit<\/title>\n<meta name=\"description\" content=\"Onafhankelijke kwaliteitscontrole met gedetailleerde testen en strikte inspecties voor betrouwbare producten.\" \/>\n<meta name=\"robots\" content=\"index, follow, max-snippet:-1, max-image-preview:large, max-video-preview:-1\" \/>\n<link rel=\"canonical\" href=\"https:\/\/www.aqcbv.com\/de\/labor-qualitat\/\" \/>\n<meta property=\"og:locale\" content=\"de_DE\" \/>\n<meta property=\"og:type\" content=\"article\" \/>\n<meta property=\"og:title\" content=\"Lab &amp; kwaliteit\" \/>\n<meta property=\"og:description\" content=\"Onafhankelijke kwaliteitscontrole met gedetailleerde testen en strikte inspecties voor betrouwbare producten.\" \/>\n<meta property=\"og:url\" content=\"https:\/\/www.aqcbv.com\/de\/labor-qualitat\/\" \/>\n<meta property=\"og:site_name\" content=\"AQC B.V.\" \/>\n<meta property=\"article:modified_time\" content=\"2025-02-18T10:14:55+00:00\" \/>\n<meta property=\"og:image\" content=\"https:\/\/www.aqcbv.com\/wp-content\/uploads\/2023\/10\/JewelBox100T-X-ray-AQC001.png\" \/>\n\t<meta property=\"og:image:width\" content=\"1920\" \/>\n\t<meta property=\"og:image:height\" content=\"1440\" \/>\n\t<meta property=\"og:image:type\" content=\"image\/png\" \/>\n<meta name=\"twitter:card\" content=\"summary_large_image\" \/>\n<meta name=\"twitter:label1\" content=\"Gesch\u00e4tzte Lesezeit\" \/>\n\t<meta name=\"twitter:data1\" content=\"1\u00a0Minute\" \/>\n<!-- \/ Yoast SEO plugin. -->","yoast_head_json":{"title":"Lab & kwaliteit","description":"Onafhankelijke kwaliteitscontrole met gedetailleerde testen en strikte inspecties voor betrouwbare producten.","robots":{"index":"index","follow":"follow","max-snippet":"max-snippet:-1","max-image-preview":"max-image-preview:large","max-video-preview":"max-video-preview:-1"},"canonical":"https:\/\/www.aqcbv.com\/de\/labor-qualitat\/","og_locale":"de_DE","og_type":"article","og_title":"Lab & kwaliteit","og_description":"Onafhankelijke kwaliteitscontrole met gedetailleerde testen en strikte inspecties voor betrouwbare producten.","og_url":"https:\/\/www.aqcbv.com\/de\/labor-qualitat\/","og_site_name":"AQC B.V.","article_modified_time":"2025-02-18T10:14:55+00:00","og_image":[{"width":1920,"height":1440,"url":"https:\/\/www.aqcbv.com\/wp-content\/uploads\/2023\/10\/JewelBox100T-X-ray-AQC001.png","type":"image\/png"}],"twitter_card":"summary_large_image","twitter_misc":{"Gesch\u00e4tzte Lesezeit":"1\u00a0Minute"},"schema":{"@context":"https:\/\/schema.org","@graph":[{"@type":"WebPage","@id":"https:\/\/www.aqcbv.com\/de\/labor-qualitat\/","url":"https:\/\/www.aqcbv.com\/de\/labor-qualitat\/","name":"Lab & kwaliteit","isPartOf":{"@id":"https:\/\/www.aqcbv.com\/de\/#website"},"primaryImageOfPage":{"@id":"https:\/\/www.aqcbv.com\/de\/labor-qualitat\/#primaryimage"},"image":{"@id":"https:\/\/www.aqcbv.com\/de\/labor-qualitat\/#primaryimage"},"thumbnailUrl":"https:\/\/www.aqcbv.com\/wp-content\/uploads\/2023\/10\/JewelBox100T-X-ray-AQC001.png","datePublished":"2022-02-24T09:45:30+00:00","dateModified":"2025-02-18T10:14:55+00:00","description":"Onafhankelijke kwaliteitscontrole met gedetailleerde testen en strikte inspecties voor betrouwbare producten.","breadcrumb":{"@id":"https:\/\/www.aqcbv.com\/de\/labor-qualitat\/#breadcrumb"},"inLanguage":"de","potentialAction":[{"@type":"ReadAction","target":["https:\/\/www.aqcbv.com\/de\/labor-qualitat\/"]}]},{"@type":"ImageObject","inLanguage":"de","@id":"https:\/\/www.aqcbv.com\/de\/labor-qualitat\/#primaryimage","url":"https:\/\/www.aqcbv.com\/wp-content\/uploads\/2023\/10\/JewelBox100T-X-ray-AQC001.png","contentUrl":"https:\/\/www.aqcbv.com\/wp-content\/uploads\/2023\/10\/JewelBox100T-X-ray-AQC001.png"},{"@type":"BreadcrumbList","@id":"https:\/\/www.aqcbv.com\/de\/labor-qualitat\/#breadcrumb","itemListElement":[{"@type":"ListItem","position":1,"name":"Home","item":"https:\/\/www.aqcbv.com\/de\/"},{"@type":"ListItem","position":2,"name":"Labor &#038; Qualit\u00e4t"}]},{"@type":"WebSite","@id":"https:\/\/www.aqcbv.com\/de\/#website","url":"https:\/\/www.aqcbv.com\/de\/","name":"AQC B.V.","description":"Het compleetste aanbod van printplaten","potentialAction":[{"@type":"SearchAction","target":{"@type":"EntryPoint","urlTemplate":"https:\/\/www.aqcbv.com\/de\/?s={search_term_string}"},"query-input":{"@type":"PropertyValueSpecification","valueRequired":true,"valueName":"search_term_string"}}],"inLanguage":"de"}]}},"_links":{"self":[{"href":"https:\/\/www.aqcbv.com\/de\/wp-json\/wp\/v2\/pages\/1673","targetHints":{"allow":["GET"]}}],"collection":[{"href":"https:\/\/www.aqcbv.com\/de\/wp-json\/wp\/v2\/pages"}],"about":[{"href":"https:\/\/www.aqcbv.com\/de\/wp-json\/wp\/v2\/types\/page"}],"author":[{"embeddable":true,"href":"https:\/\/www.aqcbv.com\/de\/wp-json\/wp\/v2\/users\/5"}],"replies":[{"embeddable":true,"href":"https:\/\/www.aqcbv.com\/de\/wp-json\/wp\/v2\/comments?post=1673"}],"version-history":[{"count":4,"href":"https:\/\/www.aqcbv.com\/de\/wp-json\/wp\/v2\/pages\/1673\/revisions"}],"predecessor-version":[{"id":1740,"href":"https:\/\/www.aqcbv.com\/de\/wp-json\/wp\/v2\/pages\/1673\/revisions\/1740"}],"wp:attachment":[{"href":"https:\/\/www.aqcbv.com\/de\/wp-json\/wp\/v2\/media?parent=1673"}],"curies":[{"name":"wp","href":"https:\/\/api.w.org\/{rel}","templated":true}]}}