{"id":1653,"date":"2022-02-24T11:48:44","date_gmt":"2022-02-24T10:48:44","guid":{"rendered":"https:\/\/www.aqcbv.com\/over-aqc\/"},"modified":"2025-02-17T11:51:08","modified_gmt":"2025-02-17T10:51:08","slug":"ueber-aqc","status":"publish","type":"page","link":"https:\/\/www.aqcbv.com\/de\/ueber-aqc\/","title":{"rendered":"\u00dcber AQC"},"content":{"rendered":"<h2 class=\"blog-single-title\">AQC\u2019s &#8222;Printboerke&#8220;<\/h2>\n<div class=\"single-social-section\">\n<div class=\"clearboth\"><img loading=\"lazy\" decoding=\"async\" class=\"alignnone wp-image-931 \" src=\"https:\/\/www.aqcbv.com\/wp-content\/uploads\/2022\/08\/aqc-printboerke-23.jpg\" alt=\"\" width=\"338\" height=\"225\" srcset=\"https:\/\/www.aqcbv.com\/wp-content\/uploads\/2022\/08\/aqc-printboerke-23.jpg 1920w, https:\/\/www.aqcbv.com\/wp-content\/uploads\/2022\/08\/aqc-printboerke-23-300x200.jpg 300w, https:\/\/www.aqcbv.com\/wp-content\/uploads\/2022\/08\/aqc-printboerke-23-1024x683.jpg 1024w, https:\/\/www.aqcbv.com\/wp-content\/uploads\/2022\/08\/aqc-printboerke-23-768x512.jpg 768w, https:\/\/www.aqcbv.com\/wp-content\/uploads\/2022\/08\/aqc-printboerke-23-1536x1024.jpg 1536w\" sizes=\"auto, (max-width: 338px) 100vw, 338px\" \/> <img loading=\"lazy\" decoding=\"async\" class=\"alignnone wp-image-460\" src=\"https:\/\/www.aqcbv.com\/wp-content\/uploads\/2022\/04\/aqc-printboerke-26-300x200.jpg\" alt=\"\" width=\"338\" height=\"225\" srcset=\"https:\/\/www.aqcbv.com\/wp-content\/uploads\/2022\/04\/aqc-printboerke-26-300x200.jpg 300w, https:\/\/www.aqcbv.com\/wp-content\/uploads\/2022\/04\/aqc-printboerke-26-1024x683.jpg 1024w, https:\/\/www.aqcbv.com\/wp-content\/uploads\/2022\/04\/aqc-printboerke-26-768x512.jpg 768w, https:\/\/www.aqcbv.com\/wp-content\/uploads\/2022\/04\/aqc-printboerke-26-1536x1024.jpg 1536w, https:\/\/www.aqcbv.com\/wp-content\/uploads\/2022\/04\/aqc-printboerke-26.jpg 1920w\" sizes=\"auto, (max-width: 338px) 100vw, 338px\" \/>\u00a0 <img loading=\"lazy\" decoding=\"async\" class=\"alignnone wp-image-462\" src=\"https:\/\/www.aqcbv.com\/wp-content\/uploads\/2022\/04\/aqc-printboerke-38-300x200.jpg\" alt=\"\" width=\"337\" height=\"224\" srcset=\"https:\/\/www.aqcbv.com\/wp-content\/uploads\/2022\/04\/aqc-printboerke-38-300x200.jpg 300w, https:\/\/www.aqcbv.com\/wp-content\/uploads\/2022\/04\/aqc-printboerke-38-1024x683.jpg 1024w, https:\/\/www.aqcbv.com\/wp-content\/uploads\/2022\/04\/aqc-printboerke-38-768x512.jpg 768w, https:\/\/www.aqcbv.com\/wp-content\/uploads\/2022\/04\/aqc-printboerke-38-1536x1024.jpg 1536w, https:\/\/www.aqcbv.com\/wp-content\/uploads\/2022\/04\/aqc-printboerke-38.jpg 1920w\" sizes=\"auto, (max-width: 337px) 100vw, 337px\" \/><\/div>\n<\/div>\n<div><\/div>\n<div class=\"mk-single-content clearfix\">\n<div class=\"wpb_row vc_row vc_row-fluid jupiter-donut- mk-fullwidth-false attched-false js-master-row mk-grid mk-in-viewport\" data-mk-stretch-content=\"true\">\n<div class=\"vc_col-sm-12 wpb_column column_container jupiter-donut- _ jupiter-donut-height-full\">\n<div class=\" vc_custom_1598000382398\">\n<div id=\"text-block-7\" class=\"mk-text-block jupiter-donut- \">\n<p data-start=\"93\" data-end=\"386\">Wir bei AQC m\u00f6chten als diejenigen bekannt sein, die den gesunden &#8222;boerenverstand&#8220; nutzen. Anl\u00e4sslich unseres 5-j\u00e4hrigen Bestehens haben wir den K\u00fcnstler Peter De Gruyter vom Skulpturenatelier \u201eDe Menhir\u201c gebeten, uns dabei zu helfen, eine lebensgro\u00dfe Statue des \u201ePrintboerke\u201c zu erschaffen.<\/p>\n<p data-start=\"388\" data-end=\"635\">Er steht auf dem Markt, h\u00e4lt Leiterplatten (PCBs) in der Hand und ist dabei, einen Handel abzuschlie\u00dfen \u2013 durch einen klassischen Handschlag wird ein attraktiver Preis f\u00fcr die PCBs ausgehandelt. F\u00fcr die j\u00fcngere Generation: So lief das fr\u00fcher ab.<\/p>\n<h3 data-start=\"642\" data-end=\"673\">Gesunder &#8222;Boerenverstand&#8220;<\/h3>\n<p data-start=\"675\" data-end=\"912\">Ein Universit\u00e4tsabschluss allein reicht nicht aus. Kompetenzen wie innovatives Handeln, F\u00fchrung, Durchsetzungsverm\u00f6gen, Antizipation, analytische F\u00e4higkeiten und mehr lassen sich sehr gut mit \u201egesundem boerenverstand\u201c zusammenfassen.<\/p>\n<p data-start=\"914\" data-end=\"1185\">Wir beobachten immer h\u00e4ufiger, dass in bestimmten Situationen nicht ausreichend nachgedacht wird \u2013 sei es durch unn\u00f6tig komplizierte Technologien, falsche Panelisierung, die Wahl des Produktionspartners, fehlerhafte Bestellmengen oder ungenutzte Reparaturm\u00f6glichkeiten.<\/p>\n<p data-start=\"1187\" data-end=\"1430\" data-is-last-node=\"\">Hier k\u00f6nnen wir helfen. Man lernt aus Fehlern \u2013 aber mit der langj\u00e4hrigen Erfahrung unserer Mitarbeiter und dem richtigen Wissen kann AQC eine wertvolle Rolle spielen. Denn der gesunde Menschenverstand war bei uns von Anfang an fest verankert.<\/p>\n<\/div>\n<\/div>\n<\/div>\n<\/div>\n<\/div>\n","protected":false},"excerpt":{"rendered":"<p>AQC\u2019s &#8222;Printboerke&#8220; \u00a0 Wir bei AQC m\u00f6chten als diejenigen bekannt sein, die den gesunden &#8222;boerenverstand&#8220; nutzen. Anl\u00e4sslich unseres 5-j\u00e4hrigen Bestehens haben wir den K\u00fcnstler Peter De Gruyter vom Skulpturenatelier \u201eDe Menhir\u201c gebeten, uns dabei zu helfen, eine lebensgro\u00dfe Statue des \u201ePrintboerke\u201c zu erschaffen. Er steht auf dem Markt, h\u00e4lt Leiterplatten (PCBs) in der Hand und [&hellip;]<\/p>\n","protected":false},"author":5,"featured_media":0,"parent":0,"menu_order":0,"comment_status":"closed","ping_status":"closed","template":"page-about.php","meta":{"_acf_changed":false,"inline_featured_image":false,"footnotes":""},"class_list":["post-1653","page","type-page","status-publish","hentry"],"acf":[],"yoast_head":"<!-- This site is optimized with the Yoast SEO plugin v27.4 - https:\/\/yoast.com\/product\/yoast-seo-wordpress\/ -->\n<title>\u00dcber AQC - AQC B.V.<\/title>\n<meta name=\"robots\" content=\"index, follow, max-snippet:-1, max-image-preview:large, max-video-preview:-1\" \/>\n<link rel=\"canonical\" href=\"https:\/\/www.aqcbv.com\/de\/ueber-aqc\/\" \/>\n<meta property=\"og:locale\" content=\"de_DE\" \/>\n<meta property=\"og:type\" content=\"article\" \/>\n<meta property=\"og:title\" content=\"\u00dcber AQC - AQC B.V.\" \/>\n<meta property=\"og:description\" content=\"AQC\u2019s &#8222;Printboerke&#8220; \u00a0 Wir bei AQC m\u00f6chten als diejenigen bekannt sein, die den gesunden &#8222;boerenverstand&#8220; nutzen. Anl\u00e4sslich unseres 5-j\u00e4hrigen Bestehens haben wir den K\u00fcnstler Peter De Gruyter vom Skulpturenatelier \u201eDe Menhir\u201c gebeten, uns dabei zu helfen, eine lebensgro\u00dfe Statue des \u201ePrintboerke\u201c zu erschaffen. Er steht auf dem Markt, h\u00e4lt Leiterplatten (PCBs) in der Hand und [&hellip;]\" \/>\n<meta property=\"og:url\" content=\"https:\/\/www.aqcbv.com\/de\/ueber-aqc\/\" \/>\n<meta property=\"og:site_name\" content=\"AQC B.V.\" \/>\n<meta property=\"article:modified_time\" content=\"2025-02-17T10:51:08+00:00\" \/>\n<meta property=\"og:image\" content=\"https:\/\/www.aqcbv.com\/wp-content\/uploads\/2022\/08\/aqc-printboerke-23.jpg\" \/>\n\t<meta property=\"og:image:width\" content=\"1920\" \/>\n\t<meta property=\"og:image:height\" content=\"1280\" \/>\n\t<meta property=\"og:image:type\" content=\"image\/jpeg\" \/>\n<meta name=\"twitter:card\" content=\"summary_large_image\" \/>\n<meta name=\"twitter:label1\" content=\"Gesch\u00e4tzte Lesezeit\" \/>\n\t<meta name=\"twitter:data1\" content=\"1\u00a0Minute\" \/>\n<!-- \/ Yoast SEO plugin. -->","yoast_head_json":{"title":"\u00dcber AQC - AQC B.V.","robots":{"index":"index","follow":"follow","max-snippet":"max-snippet:-1","max-image-preview":"max-image-preview:large","max-video-preview":"max-video-preview:-1"},"canonical":"https:\/\/www.aqcbv.com\/de\/ueber-aqc\/","og_locale":"de_DE","og_type":"article","og_title":"\u00dcber AQC - AQC B.V.","og_description":"AQC\u2019s &#8222;Printboerke&#8220; \u00a0 Wir bei AQC m\u00f6chten als diejenigen bekannt sein, die den gesunden &#8222;boerenverstand&#8220; nutzen. Anl\u00e4sslich unseres 5-j\u00e4hrigen Bestehens haben wir den K\u00fcnstler Peter De Gruyter vom Skulpturenatelier \u201eDe Menhir\u201c gebeten, uns dabei zu helfen, eine lebensgro\u00dfe Statue des \u201ePrintboerke\u201c zu erschaffen. Er steht auf dem Markt, h\u00e4lt Leiterplatten (PCBs) in der Hand und [&hellip;]","og_url":"https:\/\/www.aqcbv.com\/de\/ueber-aqc\/","og_site_name":"AQC B.V.","article_modified_time":"2025-02-17T10:51:08+00:00","og_image":[{"width":1920,"height":1280,"url":"https:\/\/www.aqcbv.com\/wp-content\/uploads\/2022\/08\/aqc-printboerke-23.jpg","type":"image\/jpeg"}],"twitter_card":"summary_large_image","twitter_misc":{"Gesch\u00e4tzte Lesezeit":"1\u00a0Minute"},"schema":{"@context":"https:\/\/schema.org","@graph":[{"@type":"WebPage","@id":"https:\/\/www.aqcbv.com\/de\/ueber-aqc\/","url":"https:\/\/www.aqcbv.com\/de\/ueber-aqc\/","name":"\u00dcber AQC - AQC B.V.","isPartOf":{"@id":"https:\/\/www.aqcbv.com\/de\/#website"},"primaryImageOfPage":{"@id":"https:\/\/www.aqcbv.com\/de\/ueber-aqc\/#primaryimage"},"image":{"@id":"https:\/\/www.aqcbv.com\/de\/ueber-aqc\/#primaryimage"},"thumbnailUrl":"https:\/\/www.aqcbv.com\/wp-content\/uploads\/2022\/08\/aqc-printboerke-23.jpg","datePublished":"2022-02-24T10:48:44+00:00","dateModified":"2025-02-17T10:51:08+00:00","breadcrumb":{"@id":"https:\/\/www.aqcbv.com\/de\/ueber-aqc\/#breadcrumb"},"inLanguage":"de","potentialAction":[{"@type":"ReadAction","target":["https:\/\/www.aqcbv.com\/de\/ueber-aqc\/"]}]},{"@type":"ImageObject","inLanguage":"de","@id":"https:\/\/www.aqcbv.com\/de\/ueber-aqc\/#primaryimage","url":"https:\/\/www.aqcbv.com\/wp-content\/uploads\/2022\/08\/aqc-printboerke-23.jpg","contentUrl":"https:\/\/www.aqcbv.com\/wp-content\/uploads\/2022\/08\/aqc-printboerke-23.jpg"},{"@type":"BreadcrumbList","@id":"https:\/\/www.aqcbv.com\/de\/ueber-aqc\/#breadcrumb","itemListElement":[{"@type":"ListItem","position":1,"name":"Home","item":"https:\/\/www.aqcbv.com\/de\/"},{"@type":"ListItem","position":2,"name":"\u00dcber AQC"}]},{"@type":"WebSite","@id":"https:\/\/www.aqcbv.com\/de\/#website","url":"https:\/\/www.aqcbv.com\/de\/","name":"AQC B.V.","description":"Het compleetste aanbod van printplaten","potentialAction":[{"@type":"SearchAction","target":{"@type":"EntryPoint","urlTemplate":"https:\/\/www.aqcbv.com\/de\/?s={search_term_string}"},"query-input":{"@type":"PropertyValueSpecification","valueRequired":true,"valueName":"search_term_string"}}],"inLanguage":"de"}]}},"_links":{"self":[{"href":"https:\/\/www.aqcbv.com\/de\/wp-json\/wp\/v2\/pages\/1653","targetHints":{"allow":["GET"]}}],"collection":[{"href":"https:\/\/www.aqcbv.com\/de\/wp-json\/wp\/v2\/pages"}],"about":[{"href":"https:\/\/www.aqcbv.com\/de\/wp-json\/wp\/v2\/types\/page"}],"author":[{"embeddable":true,"href":"https:\/\/www.aqcbv.com\/de\/wp-json\/wp\/v2\/users\/5"}],"replies":[{"embeddable":true,"href":"https:\/\/www.aqcbv.com\/de\/wp-json\/wp\/v2\/comments?post=1653"}],"version-history":[{"count":3,"href":"https:\/\/www.aqcbv.com\/de\/wp-json\/wp\/v2\/pages\/1653\/revisions"}],"predecessor-version":[{"id":1660,"href":"https:\/\/www.aqcbv.com\/de\/wp-json\/wp\/v2\/pages\/1653\/revisions\/1660"}],"wp:attachment":[{"href":"https:\/\/www.aqcbv.com\/de\/wp-json\/wp\/v2\/media?parent=1653"}],"curies":[{"name":"wp","href":"https:\/\/api.w.org\/{rel}","templated":true}]}}