{"id":1611,"date":"2022-02-24T10:45:06","date_gmt":"2022-02-24T09:45:06","guid":{"rendered":"https:\/\/www.aqcbv.com\/mogelijkheden\/"},"modified":"2025-02-18T16:17:52","modified_gmt":"2025-02-18T15:17:52","slug":"moeglichkeiten","status":"publish","type":"page","link":"https:\/\/www.aqcbv.com\/de\/moeglichkeiten\/","title":{"rendered":"M\u00f6glichkeiten"},"content":{"rendered":"<p data-start=\"43\" data-end=\"89\"><strong data-start=\"43\" data-end=\"61\">M\u00f6glichkeiten:<\/strong><br data-start=\"61\" data-end=\"64\" \/><strong data-start=\"64\" data-end=\"87\">PCB (Leiterplatten)<\/strong><\/p>\n<p data-start=\"91\" data-end=\"413\">Obwohl AQC Spa\u00df am Gesch\u00e4ftsmodell hat, liegt unser Fokus auf der Lieferung von Leiterplatten. Von einfach bis komplex, von Expresslieferung bis Standard, von Kleinserien bis Gro\u00dfserien mit dem richtigen Preis-Leistungs-Verh\u00e4ltnis. Teilen Sie uns mit, was Sie ben\u00f6tigen, und AQC k\u00fcmmert sich um die komplette Abwicklung.<\/p>\n<p data-start=\"415\" data-end=\"426\"><strong data-start=\"415\" data-end=\"424\">LABOR<\/strong><\/p>\n<p data-start=\"428\" data-end=\"636\">AQC erweitert kontinuierlich sein Labor. Wir nutzen diese Maschinen nicht nur f\u00fcr unsere eigenen gelieferten Produkte, sondern auch f\u00fcr Kunden, die Fragen zum unerwarteten Verhalten von Leiterplatten haben.<\/p>\n<p data-start=\"638\" data-end=\"672\"><strong data-start=\"638\" data-end=\"670\">MEETINGS, SEMINARE UND KURSE<\/strong><\/p>\n<p data-start=\"674\" data-end=\"1080\">Wir verstehen, dass mit der Schlie\u00dfung von Produktionsstandorten in den Niederlanden und Belgien viel Wissen verloren gegangen ist. F\u00fcr dieses Wissen k\u00f6nnen Sie sich an uns wenden. AQC verf\u00fcgt \u00fcber R\u00e4ume, in denen wir problemlos 20 bis 30 Personen empfangen und Themen besprechen k\u00f6nnen, die f\u00fcr Sie relevant sind. Alles ist verhandelbar, und bei Bedarf stellen wir Experten aus der Praxis zur Verf\u00fcgung.<\/p>\n","protected":false},"excerpt":{"rendered":"<p>M\u00f6glichkeiten:PCB (Leiterplatten) Obwohl AQC Spa\u00df am Gesch\u00e4ftsmodell hat, liegt unser Fokus auf der Lieferung von Leiterplatten. Von einfach bis komplex, von Expresslieferung bis Standard, von Kleinserien bis Gro\u00dfserien mit dem richtigen Preis-Leistungs-Verh\u00e4ltnis. Teilen Sie uns mit, was Sie ben\u00f6tigen, und AQC k\u00fcmmert sich um die komplette Abwicklung. LABOR AQC erweitert kontinuierlich sein Labor. Wir nutzen [&hellip;]<\/p>\n","protected":false},"author":5,"featured_media":0,"parent":0,"menu_order":0,"comment_status":"closed","ping_status":"closed","template":"page-capabilities.php","meta":{"_acf_changed":false,"inline_featured_image":false,"footnotes":""},"class_list":["post-1611","page","type-page","status-publish","hentry"],"acf":[],"yoast_head":"<!-- This site is optimized with the Yoast SEO plugin v27.6 - https:\/\/yoast.com\/product\/yoast-seo-wordpress\/ -->\n<title>M\u00f6glichkeiten - AQC B.V.<\/title>\n<meta name=\"robots\" content=\"index, follow, max-snippet:-1, max-image-preview:large, max-video-preview:-1\" \/>\n<link rel=\"canonical\" href=\"https:\/\/www.aqcbv.com\/de\/moeglichkeiten\/\" \/>\n<meta property=\"og:locale\" content=\"de_DE\" \/>\n<meta property=\"og:type\" content=\"article\" \/>\n<meta property=\"og:title\" content=\"M\u00f6glichkeiten - AQC B.V.\" \/>\n<meta property=\"og:description\" content=\"M\u00f6glichkeiten:PCB (Leiterplatten) Obwohl AQC Spa\u00df am Gesch\u00e4ftsmodell hat, liegt unser Fokus auf der Lieferung von Leiterplatten. Von einfach bis komplex, von Expresslieferung bis Standard, von Kleinserien bis Gro\u00dfserien mit dem richtigen Preis-Leistungs-Verh\u00e4ltnis. Teilen Sie uns mit, was Sie ben\u00f6tigen, und AQC k\u00fcmmert sich um die komplette Abwicklung. LABOR AQC erweitert kontinuierlich sein Labor. Wir nutzen [&hellip;]\" \/>\n<meta property=\"og:url\" content=\"https:\/\/www.aqcbv.com\/de\/moeglichkeiten\/\" \/>\n<meta property=\"og:site_name\" content=\"AQC B.V.\" \/>\n<meta property=\"article:modified_time\" content=\"2025-02-18T15:17:52+00:00\" \/>\n<meta name=\"twitter:card\" content=\"summary_large_image\" \/>\n<meta name=\"twitter:label1\" content=\"Gesch\u00e4tzte Lesezeit\" \/>\n\t<meta name=\"twitter:data1\" content=\"1\u00a0Minute\" \/>\n<!-- \/ Yoast SEO plugin. -->","yoast_head_json":{"title":"M\u00f6glichkeiten - AQC B.V.","robots":{"index":"index","follow":"follow","max-snippet":"max-snippet:-1","max-image-preview":"max-image-preview:large","max-video-preview":"max-video-preview:-1"},"canonical":"https:\/\/www.aqcbv.com\/de\/moeglichkeiten\/","og_locale":"de_DE","og_type":"article","og_title":"M\u00f6glichkeiten - AQC B.V.","og_description":"M\u00f6glichkeiten:PCB (Leiterplatten) Obwohl AQC Spa\u00df am Gesch\u00e4ftsmodell hat, liegt unser Fokus auf der Lieferung von Leiterplatten. Von einfach bis komplex, von Expresslieferung bis Standard, von Kleinserien bis Gro\u00dfserien mit dem richtigen Preis-Leistungs-Verh\u00e4ltnis. Teilen Sie uns mit, was Sie ben\u00f6tigen, und AQC k\u00fcmmert sich um die komplette Abwicklung. LABOR AQC erweitert kontinuierlich sein Labor. Wir nutzen [&hellip;]","og_url":"https:\/\/www.aqcbv.com\/de\/moeglichkeiten\/","og_site_name":"AQC B.V.","article_modified_time":"2025-02-18T15:17:52+00:00","twitter_card":"summary_large_image","twitter_misc":{"Gesch\u00e4tzte Lesezeit":"1\u00a0Minute"},"schema":{"@context":"https:\/\/schema.org","@graph":[{"@type":"WebPage","@id":"https:\/\/www.aqcbv.com\/de\/moeglichkeiten\/","url":"https:\/\/www.aqcbv.com\/de\/moeglichkeiten\/","name":"M\u00f6glichkeiten - AQC B.V.","isPartOf":{"@id":"https:\/\/www.aqcbv.com\/de\/#website"},"datePublished":"2022-02-24T09:45:06+00:00","dateModified":"2025-02-18T15:17:52+00:00","breadcrumb":{"@id":"https:\/\/www.aqcbv.com\/de\/moeglichkeiten\/#breadcrumb"},"inLanguage":"de","potentialAction":[{"@type":"ReadAction","target":["https:\/\/www.aqcbv.com\/de\/moeglichkeiten\/"]}]},{"@type":"BreadcrumbList","@id":"https:\/\/www.aqcbv.com\/de\/moeglichkeiten\/#breadcrumb","itemListElement":[{"@type":"ListItem","position":1,"name":"Home","item":"https:\/\/www.aqcbv.com\/de\/"},{"@type":"ListItem","position":2,"name":"M\u00f6glichkeiten"}]},{"@type":"WebSite","@id":"https:\/\/www.aqcbv.com\/de\/#website","url":"https:\/\/www.aqcbv.com\/de\/","name":"AQC B.V.","description":"Het compleetste aanbod van printplaten","potentialAction":[{"@type":"SearchAction","target":{"@type":"EntryPoint","urlTemplate":"https:\/\/www.aqcbv.com\/de\/?s={search_term_string}"},"query-input":{"@type":"PropertyValueSpecification","valueRequired":true,"valueName":"search_term_string"}}],"inLanguage":"de"}]}},"_links":{"self":[{"href":"https:\/\/www.aqcbv.com\/de\/wp-json\/wp\/v2\/pages\/1611","targetHints":{"allow":["GET"]}}],"collection":[{"href":"https:\/\/www.aqcbv.com\/de\/wp-json\/wp\/v2\/pages"}],"about":[{"href":"https:\/\/www.aqcbv.com\/de\/wp-json\/wp\/v2\/types\/page"}],"author":[{"embeddable":true,"href":"https:\/\/www.aqcbv.com\/de\/wp-json\/wp\/v2\/users\/5"}],"replies":[{"embeddable":true,"href":"https:\/\/www.aqcbv.com\/de\/wp-json\/wp\/v2\/comments?post=1611"}],"version-history":[{"count":4,"href":"https:\/\/www.aqcbv.com\/de\/wp-json\/wp\/v2\/pages\/1611\/revisions"}],"predecessor-version":[{"id":1652,"href":"https:\/\/www.aqcbv.com\/de\/wp-json\/wp\/v2\/pages\/1611\/revisions\/1652"}],"wp:attachment":[{"href":"https:\/\/www.aqcbv.com\/de\/wp-json\/wp\/v2\/media?parent=1611"}],"curies":[{"name":"wp","href":"https:\/\/api.w.org\/{rel}","templated":true}]}}