{"id":1610,"date":"2022-02-24T09:40:57","date_gmt":"2022-02-24T08:40:57","guid":{"rendered":"https:\/\/www.aqcbv.com\/privacyverklaring\/"},"modified":"2025-02-17T11:00:24","modified_gmt":"2025-02-17T10:00:24","slug":"privacyverklaring","status":"publish","type":"page","link":"https:\/\/www.aqcbv.com\/de\/privacyverklaring\/","title":{"rendered":"Datenschutzerkl\u00e4rung"},"content":{"rendered":"<h2 data-start=\"60\" data-end=\"76\"><strong data-start=\"60\" data-end=\"76\">Wer wir sind<\/strong><\/h2>\n<p data-start=\"78\" data-end=\"154\">Unsere Webseitenadresse lautet: <a href=\"https:\/\/www.aqcbv.com\/de\/\" target=\"_new\" rel=\"noopener\" data-start=\"132\" data-end=\"153\">https:\/\/www.aqcbv.com<\/a>.<\/p>\n<h2 data-start=\"156\" data-end=\"170\"><strong data-start=\"156\" data-end=\"170\">Kommentare<\/strong><\/h2>\n<p data-start=\"172\" data-end=\"394\">Wenn Besucher Kommentare auf der Seite hinterlassen, sammeln wir die im Kommentarformular angezeigten Daten, die IP-Adresse des Besuchers und die Browser-User-Agent-Informationen, um Spam zu erkennen.<\/p>\n<p data-start=\"396\" data-end=\"790\">Ein anonymisierter String, der aus Ihrer E-Mail-Adresse erstellt wurde (dies wird auch als Hash bezeichnet), kann an den Gravatar-Dienst gesendet werden, wenn Sie diesen verwenden. Die Datenschutzerkl\u00e4rung des Gravatar-Dienstes finden Sie hier: <a href=\"https:\/\/automattic.com\/privacy\/\" target=\"_new\" rel=\"noopener\" data-start=\"641\" data-end=\"672\">https:\/\/automattic.com\/privacy\/<\/a>. Nachdem Ihr Kommentar genehmigt wurde, wird Ihr Profilbild \u00f6ffentlich im Zusammenhang mit Ihrem Kommentar angezeigt.<\/p>\n<h2 data-start=\"792\" data-end=\"802\"><strong data-start=\"792\" data-end=\"802\">Medien<\/strong><\/h2>\n<p data-start=\"804\" data-end=\"1069\">Wenn Sie ein registrierter Benutzer sind und Bilder auf die Seite hochladen, sollten Sie vermeiden, Bilder mit EXIF GPS-Standortdaten hochzuladen. Besucher der Seite k\u00f6nnen die Bilder von der Seite herunterladen und die Standortdaten einsehen.<\/p>\n<h2 data-start=\"1071\" data-end=\"1082\"><strong data-start=\"1071\" data-end=\"1082\">Cookies<\/strong><\/h2>\n<p data-start=\"1084\" data-end=\"1440\">Wenn Sie einen Kommentar auf unserer Seite hinterlassen, k\u00f6nnen Sie angeben, ob Ihr Name, Ihre E-Mail-Adresse und Webseite in einem Cookie gespeichert werden sollen. Dies tun wir zu Ihrem Komfort, damit Sie diese Daten nicht erneut eingeben m\u00fcssen, wenn Sie einen neuen Kommentar hinterlassen. Diese Cookies sind ein Jahr lang g\u00fcltig.<\/p>\n<p data-start=\"1442\" data-end=\"1671\">Wenn Sie unsere Login-Seite besuchen, speichern wir ein tempor\u00e4res Cookie, um zu \u00fcberpr\u00fcfen, ob Ihr Browser Cookies akzeptiert. Dieses Cookie enth\u00e4lt keine pers\u00f6nlichen Daten und wird gel\u00f6scht, sobald Sie Ihren Browser schlie\u00dfen.<\/p>\n<p data-start=\"1673\" data-end=\"2029\">Sobald Sie sich einloggen, speichern wir einige Cookies in Bezug auf Ihre Login-Informationen und Anzeigeoptionen. Login-Cookies sind 2 Tage lang g\u00fcltig und Cookies f\u00fcr Anzeigeoptionen 1 Jahr. Wenn Sie \u201eAngemeldet bleiben\u201c ausw\u00e4hlen, wird Ihre Anmeldung f\u00fcr 2 Wochen gespeichert. Sobald Sie sich von Ihrem Konto abmelden, werden die Login-Cookies entfernt.<\/p>\n<p data-start=\"2031\" data-end=\"2296\">Wenn Sie eine Nachricht bearbeiten oder ver\u00f6ffentlichen, wird ein zus\u00e4tzliches Cookie von Ihrem Browser gespeichert. Dieses Cookie enth\u00e4lt keine pers\u00f6nlichen Daten und speichert lediglich die Post-ID des bearbeiteten Artikels. Dieses Cookie l\u00e4uft nach einem Tag ab.<\/p>\n<h2 data-start=\"2298\" data-end=\"2344\"><strong data-start=\"2298\" data-end=\"2344\">Eingebettete Inhalte von anderen Webseiten<\/strong><\/h2>\n<p data-start=\"2346\" data-end=\"2592\">Beitr\u00e4ge auf dieser Seite k\u00f6nnen eingebettete Inhalte enthalten (z.B. Videos, Bilder, Beitr\u00e4ge, etc.). Eingebettete Inhalte von anderen Webseiten verhalten sich genau so, als ob der Besucher diese andere Seite besucht h\u00e4tte.<\/p>\n<p data-start=\"2594\" data-end=\"2902\">Diese Webseiten k\u00f6nnen Daten \u00fcber Sie sammeln, Cookies verwenden, zus\u00e4tzliches Tracking von Dritten einbinden und Ihre Interaktion mit diesem eingebetteten Inhalt \u00fcberwachen, einschlie\u00dflich der Erfassung der Interaktion mit eingebettetem Inhalt, wenn Sie ein Konto haben und auf dieser Seite eingeloggt sind.<\/p>\n<h2 data-start=\"2904\" data-end=\"2937\"><strong data-start=\"2904\" data-end=\"2937\">Mit wem wir Ihre Daten teilen<\/strong><\/h2>\n<p data-start=\"2939\" data-end=\"3073\">Wenn Sie eine Passwortzur\u00fccksetzung anfordern, wird Ihre IP-Adresse in der Zur\u00fccksetzungs-E-Mail enthalten sein.<\/p>\n<h2 data-start=\"3075\" data-end=\"3113\"><strong data-start=\"3075\" data-end=\"3113\">Wie lange wir Ihre Daten speichern<\/strong><\/h2>\n<p data-start=\"3115\" data-end=\"3367\">Wenn Sie einen Kommentar hinterlassen, wird dieser Kommentar und die Metadaten des Kommentars dauerhaft gespeichert. Auf diese Weise k\u00f6nnen wir Folgekommentare automatisch erkennen und genehmigen, anstatt sie moderieren zu m\u00fcssen.<\/p>\n<p data-start=\"3369\" data-end=\"3777\">F\u00fcr Benutzer, die sich auf unserer Seite registrieren (sofern vorhanden), speichern wir auch die pers\u00f6nlichen Informationen, die sie in ihrem Benutzerprofil angeben. Alle Benutzer k\u00f6nnen jederzeit ihre pers\u00f6nlichen Informationen einsehen, bearbeiten oder l\u00f6schen (au\u00dfer dass sie ihren Benutzernamen nicht \u00e4ndern k\u00f6nnen). Webseiten-Administratoren k\u00f6nnen diese Informationen ebenfalls einsehen und bearbeiten.<\/p>\n<h2 data-start=\"3779\" data-end=\"3821\"><strong data-start=\"3779\" data-end=\"3821\">Welche Rechte Sie an Ihren Daten haben<\/strong><\/h2>\n<p data-start=\"3823\" data-end=\"4310\">Wenn Sie ein Konto auf dieser Seite haben oder Kommentare hinterlassen haben, k\u00f6nnen Sie anfordern, eine Exportdatei Ihrer pers\u00f6nlichen Daten zu erhalten, die wir von Ihnen gespeichert haben, einschlie\u00dflich aller Daten, die Sie uns angegeben haben. Sie k\u00f6nnen auch verlangen, dass wir alle pers\u00f6nlichen Daten, die wir von Ihnen haben, l\u00f6schen. Dies umfasst keine Daten, die wir aus administrativen, rechtlichen oder sicherheitsrelevanten Gr\u00fcnden aufbewahren m\u00fcssen.<\/p>\n<h2 data-start=\"4312\" data-end=\"4343\"><strong data-start=\"4312\" data-end=\"4343\">Wohin wir Ihre Daten senden<\/strong><\/h2>\n<p data-start=\"4345\" data-end=\"4467\">Kommentare von Besuchern k\u00f6nnten durch einen automatisierten Spam-Erkennungsdienst \u00fcberpr\u00fcft werden.<\/p>\n","protected":false},"excerpt":{"rendered":"<p>Wer wir sind Unsere Webseitenadresse lautet: https:\/\/www.aqcbv.com. Kommentare Wenn Besucher Kommentare auf der Seite hinterlassen, sammeln wir die im Kommentarformular angezeigten Daten, die IP-Adresse des Besuchers und die Browser-User-Agent-Informationen, um Spam zu erkennen. Ein anonymisierter String, der aus Ihrer E-Mail-Adresse erstellt wurde (dies wird auch als Hash bezeichnet), kann an den Gravatar-Dienst gesendet werden, wenn [&hellip;]<\/p>\n","protected":false},"author":5,"featured_media":0,"parent":0,"menu_order":0,"comment_status":"closed","ping_status":"closed","template":"page-clean.php","meta":{"_acf_changed":false,"inline_featured_image":false,"footnotes":""},"class_list":["post-1610","page","type-page","status-publish","hentry"],"acf":[],"yoast_head":"<!-- This site is optimized with the Yoast SEO plugin v27.4 - https:\/\/yoast.com\/product\/yoast-seo-wordpress\/ -->\n<title>Datenschutzerkl\u00e4rung - AQC B.V.<\/title>\n<meta name=\"robots\" content=\"index, follow, max-snippet:-1, max-image-preview:large, max-video-preview:-1\" \/>\n<link rel=\"canonical\" href=\"https:\/\/www.aqcbv.com\/de\/privacyverklaring\/\" \/>\n<meta property=\"og:locale\" content=\"de_DE\" \/>\n<meta property=\"og:type\" content=\"article\" \/>\n<meta property=\"og:title\" content=\"Datenschutzerkl\u00e4rung - AQC B.V.\" \/>\n<meta property=\"og:description\" content=\"Wer wir sind Unsere Webseitenadresse lautet: https:\/\/www.aqcbv.com. Kommentare Wenn Besucher Kommentare auf der Seite hinterlassen, sammeln wir die im Kommentarformular angezeigten Daten, die IP-Adresse des Besuchers und die Browser-User-Agent-Informationen, um Spam zu erkennen. Ein anonymisierter String, der aus Ihrer E-Mail-Adresse erstellt wurde (dies wird auch als Hash bezeichnet), kann an den Gravatar-Dienst gesendet werden, wenn [&hellip;]\" \/>\n<meta property=\"og:url\" content=\"https:\/\/www.aqcbv.com\/de\/privacyverklaring\/\" \/>\n<meta property=\"og:site_name\" content=\"AQC B.V.\" \/>\n<meta property=\"article:modified_time\" content=\"2025-02-17T10:00:24+00:00\" \/>\n<meta name=\"twitter:card\" content=\"summary_large_image\" \/>\n<meta name=\"twitter:label1\" content=\"Gesch\u00e4tzte Lesezeit\" \/>\n\t<meta name=\"twitter:data1\" content=\"3\u00a0Minuten\" \/>\n<!-- \/ Yoast SEO plugin. -->","yoast_head_json":{"title":"Datenschutzerkl\u00e4rung - AQC B.V.","robots":{"index":"index","follow":"follow","max-snippet":"max-snippet:-1","max-image-preview":"max-image-preview:large","max-video-preview":"max-video-preview:-1"},"canonical":"https:\/\/www.aqcbv.com\/de\/privacyverklaring\/","og_locale":"de_DE","og_type":"article","og_title":"Datenschutzerkl\u00e4rung - AQC B.V.","og_description":"Wer wir sind Unsere Webseitenadresse lautet: https:\/\/www.aqcbv.com. Kommentare Wenn Besucher Kommentare auf der Seite hinterlassen, sammeln wir die im Kommentarformular angezeigten Daten, die IP-Adresse des Besuchers und die Browser-User-Agent-Informationen, um Spam zu erkennen. Ein anonymisierter String, der aus Ihrer E-Mail-Adresse erstellt wurde (dies wird auch als Hash bezeichnet), kann an den Gravatar-Dienst gesendet werden, wenn [&hellip;]","og_url":"https:\/\/www.aqcbv.com\/de\/privacyverklaring\/","og_site_name":"AQC B.V.","article_modified_time":"2025-02-17T10:00:24+00:00","twitter_card":"summary_large_image","twitter_misc":{"Gesch\u00e4tzte Lesezeit":"3\u00a0Minuten"},"schema":{"@context":"https:\/\/schema.org","@graph":[{"@type":"WebPage","@id":"https:\/\/www.aqcbv.com\/de\/privacyverklaring\/","url":"https:\/\/www.aqcbv.com\/de\/privacyverklaring\/","name":"Datenschutzerkl\u00e4rung - AQC B.V.","isPartOf":{"@id":"https:\/\/www.aqcbv.com\/de\/#website"},"datePublished":"2022-02-24T08:40:57+00:00","dateModified":"2025-02-17T10:00:24+00:00","breadcrumb":{"@id":"https:\/\/www.aqcbv.com\/de\/privacyverklaring\/#breadcrumb"},"inLanguage":"de","potentialAction":[{"@type":"ReadAction","target":["https:\/\/www.aqcbv.com\/de\/privacyverklaring\/"]}]},{"@type":"BreadcrumbList","@id":"https:\/\/www.aqcbv.com\/de\/privacyverklaring\/#breadcrumb","itemListElement":[{"@type":"ListItem","position":1,"name":"Home","item":"https:\/\/www.aqcbv.com\/de\/"},{"@type":"ListItem","position":2,"name":"Datenschutzerkl\u00e4rung"}]},{"@type":"WebSite","@id":"https:\/\/www.aqcbv.com\/de\/#website","url":"https:\/\/www.aqcbv.com\/de\/","name":"AQC B.V.","description":"Het compleetste aanbod van printplaten","potentialAction":[{"@type":"SearchAction","target":{"@type":"EntryPoint","urlTemplate":"https:\/\/www.aqcbv.com\/de\/?s={search_term_string}"},"query-input":{"@type":"PropertyValueSpecification","valueRequired":true,"valueName":"search_term_string"}}],"inLanguage":"de"}]}},"_links":{"self":[{"href":"https:\/\/www.aqcbv.com\/de\/wp-json\/wp\/v2\/pages\/1610","targetHints":{"allow":["GET"]}}],"collection":[{"href":"https:\/\/www.aqcbv.com\/de\/wp-json\/wp\/v2\/pages"}],"about":[{"href":"https:\/\/www.aqcbv.com\/de\/wp-json\/wp\/v2\/types\/page"}],"author":[{"embeddable":true,"href":"https:\/\/www.aqcbv.com\/de\/wp-json\/wp\/v2\/users\/5"}],"replies":[{"embeddable":true,"href":"https:\/\/www.aqcbv.com\/de\/wp-json\/wp\/v2\/comments?post=1610"}],"version-history":[{"count":5,"href":"https:\/\/www.aqcbv.com\/de\/wp-json\/wp\/v2\/pages\/1610\/revisions"}],"predecessor-version":[{"id":1648,"href":"https:\/\/www.aqcbv.com\/de\/wp-json\/wp\/v2\/pages\/1610\/revisions\/1648"}],"wp:attachment":[{"href":"https:\/\/www.aqcbv.com\/de\/wp-json\/wp\/v2\/media?parent=1610"}],"curies":[{"name":"wp","href":"https:\/\/api.w.org\/{rel}","templated":true}]}}